{"id":1607,"date":"2020-05-10T22:18:45","date_gmt":"2020-05-10T20:18:45","guid":{"rendered":"https:\/\/www.devtal.de\/blog\/?page_id=1607"},"modified":"2020-05-10T23:16:20","modified_gmt":"2020-05-10T21:16:20","slug":"maker-vs-virus","status":"publish","type":"page","link":"https:\/\/www.devtal.de\/blog\/maker-vs-virus\/","title":{"rendered":"Maker vs. Virus"},"content":{"rendered":"<h1><a href=\"https:\/\/www.devtal.de\/blog\/wp-content\/uploads\/2020\/05\/makervsvirus_logo_black_600x600.png\"><img loading=\"lazy\" decoding=\"async\" class=\"alignright wp-image-1617\" src=\"https:\/\/www.devtal.de\/blog\/wp-content\/uploads\/2020\/05\/makervsvirus_logo_black_600x600-300x300.png\" alt=\"Logo Maker vs. Virus\" width=\"130\" height=\"130\" srcset=\"https:\/\/www.devtal.de\/blog\/wp-content\/uploads\/2020\/05\/makervsvirus_logo_black_600x600-300x300.png 300w, https:\/\/www.devtal.de\/blog\/wp-content\/uploads\/2020\/05\/makervsvirus_logo_black_600x600-150x150.png 150w, https:\/\/www.devtal.de\/blog\/wp-content\/uploads\/2020\/05\/makervsvirus_logo_black_600x600.png 600w\" sizes=\"auto, (max-width: 130px) 100vw, 130px\" \/><\/a>Hub Wuppertal Bergisch-Land<\/h1>\n<p>Im <a href=\"https:\/\/bergisch-land.org\">Hub Wuppertal Bergisch-Land<\/a> der <a href=\"https:\/\/www.makervsvirus.org\">Maker vs. Virus<\/a> haben sich Menschen zusammengefunden, die all jenen, die tagt\u00e4glich unmittelbar mit der Infektionsgefahr umgehen m\u00fcssen helfen m\u00f6chten.<\/p>\n<p><a href=\"https:\/\/www.devtal.de\/blog\/wp-content\/uploads\/2020\/05\/804cb695-9abb-4829-b015-f1ef08efd506.jpg\"><img loading=\"lazy\" decoding=\"async\" class=\"alignleft wp-image-1596\" src=\"https:\/\/www.devtal.de\/blog\/wp-content\/uploads\/2020\/05\/804cb695-9abb-4829-b015-f1ef08efd506-300x286.jpg\" alt=\"Bild Faceshield\" width=\"130\" height=\"124\" srcset=\"https:\/\/www.devtal.de\/blog\/wp-content\/uploads\/2020\/05\/804cb695-9abb-4829-b015-f1ef08efd506-300x286.jpg 300w, https:\/\/www.devtal.de\/blog\/wp-content\/uploads\/2020\/05\/804cb695-9abb-4829-b015-f1ef08efd506-768x733.jpg 768w, https:\/\/www.devtal.de\/blog\/wp-content\/uploads\/2020\/05\/804cb695-9abb-4829-b015-f1ef08efd506-1024x978.jpg 1024w, https:\/\/www.devtal.de\/blog\/wp-content\/uploads\/2020\/05\/804cb695-9abb-4829-b015-f1ef08efd506-314x300.jpg 314w, https:\/\/www.devtal.de\/blog\/wp-content\/uploads\/2020\/05\/804cb695-9abb-4829-b015-f1ef08efd506.jpg 1192w\" sizes=\"auto, (max-width: 130px) 100vw, 130px\" \/><\/a><br \/>\nDer Hub organisiert die Herstellung und <strong>kostenlose<\/strong> Verteilung von im 3D-Druckverfahren hergestellten Faceshields, die zusammen mit einer darunter zu tragenden Atemschutzmaske, den Infektiosschutz erh\u00f6hen sollen.<\/p>\n<h2>Unterst\u00fctzen<\/h2>\n<p><a href=\"https:\/\/www.devtal.de\/blog\/wp-content\/uploads\/2020\/05\/devtal_logo_black.png\"><img loading=\"lazy\" decoding=\"async\" class=\"alignright wp-image-1616\" src=\"https:\/\/www.devtal.de\/blog\/wp-content\/uploads\/2020\/05\/devtal_logo_black-296x300.png\" alt=\"Logo \/dev\/tal e.V.\" width=\"130\" height=\"132\" srcset=\"https:\/\/www.devtal.de\/blog\/wp-content\/uploads\/2020\/05\/devtal_logo_black-296x300.png 296w, https:\/\/www.devtal.de\/blog\/wp-content\/uploads\/2020\/05\/devtal_logo_black.png 600w\" sizes=\"auto, (max-width: 130px) 100vw, 130px\" \/><\/a>Der \/dev\/tal e.V. unterst\u00fctzt diese Projekt als gemeinn\u00fctziger Tr\u00e4ger f\u00fcr den Hub Wuppertal Bergisch-Land.<\/p>\n<p>Die Herstellungskosten eines Gesichtsschilds liegen zwischen \u20ac 2,50 und \u20ac 3,00.<br \/>\nUm die Schilde <b>kostenlos<\/b> zur Verf\u00fcgung stellen zu k\u00f6nnen,<br \/>\nist der Hub auf Deine <b>Spende<\/b> angewisen!<\/p>\n<p>Spenden mit dem Stichwort <strong>Corona<\/strong> auf das Konto<br \/>\n<b>Kontoinhaber: \/dev\/tal e.V.<br \/>\nIBAN: DE94 4306 0967 4052 2364 00<br \/>\nGLS Gemeinschaftsbank eG<\/b><\/p>\n<p>werden direkt f\u00fcr Verbrauchsmaterial zur Herstellung der Gesichtsschilder verwendet.<\/p>\n<p>Jeder Spender \u00fcber \u20ac200 erh\u00e4lt zum Jahresende automatisch eine Zuwendungsbescheinigung sofern er seinen vollst\u00e4ndigen <strong>Namen<\/strong> und seine <strong>Adresse<\/strong> bei der Spende im Verwendungszweck angegeben hat. Nutze dazu den Verwendungszweck der \u00dcberweisung und stellen das Stichwort Corona voran.<br \/>\n<b>Verwendungszweck: Corona + Name + Adresse<\/b><\/p>\n<p><b>Bei Spenden bis \u20ac200 gen\u00fcgt ein Kontoauszug als Spendennachweis.<\/b><\/p>\n<h1 style=\"text-align: center;\">Vielen Dank f\u00fcr Deine Unterst\u00fctzung!<\/h1>\n","protected":false},"excerpt":{"rendered":"<p>Hub Wuppertal Bergisch-Land Im Hub Wuppertal Bergisch-Land der Maker vs. Virus haben sich Menschen zusammengefunden, die all jenen, die tagt\u00e4glich unmittelbar mit der Infektionsgefahr umgehen m\u00fcssen helfen m\u00f6chten. Der Hub organisiert die Herstellung und kostenlose Verteilung von im 3D-Druckverfahren hergestellten &hellip; <a href=\"https:\/\/www.devtal.de\/blog\/maker-vs-virus\/\">Weiterlesen <span class=\"meta-nav\">&rarr;<\/span><\/a><\/p>\n","protected":false},"author":46,"featured_media":0,"parent":0,"menu_order":0,"comment_status":"closed","ping_status":"closed","template":"","meta":{"footnotes":""},"class_list":["post-1607","page","type-page","status-publish","hentry"],"_links":{"self":[{"href":"https:\/\/www.devtal.de\/blog\/wp-json\/wp\/v2\/pages\/1607","targetHints":{"allow":["GET"]}}],"collection":[{"href":"https:\/\/www.devtal.de\/blog\/wp-json\/wp\/v2\/pages"}],"about":[{"href":"https:\/\/www.devtal.de\/blog\/wp-json\/wp\/v2\/types\/page"}],"author":[{"embeddable":true,"href":"https:\/\/www.devtal.de\/blog\/wp-json\/wp\/v2\/users\/46"}],"replies":[{"embeddable":true,"href":"https:\/\/www.devtal.de\/blog\/wp-json\/wp\/v2\/comments?post=1607"}],"version-history":[{"count":20,"href":"https:\/\/www.devtal.de\/blog\/wp-json\/wp\/v2\/pages\/1607\/revisions"}],"predecessor-version":[{"id":1645,"href":"https:\/\/www.devtal.de\/blog\/wp-json\/wp\/v2\/pages\/1607\/revisions\/1645"}],"wp:attachment":[{"href":"https:\/\/www.devtal.de\/blog\/wp-json\/wp\/v2\/media?parent=1607"}],"curies":[{"name":"wp","href":"https:\/\/api.w.org\/{rel}","templated":true}]}}