{"id":168,"date":"2012-01-07T16:01:53","date_gmt":"2012-01-07T15:01:53","guid":{"rendered":"http:\/\/www.devtal.de\/blog\/?page_id=168"},"modified":"2016-12-15T22:40:27","modified_gmt":"2016-12-15T21:40:27","slug":"mitglieder","status":"publish","type":"page","link":"https:\/\/www.devtal.de\/blog\/mitglieder\/","title":{"rendered":"Mitglieder"},"content":{"rendered":"<p>Hier liegen Dokumente f\u00fcr Mitglieder und die es werden m\u00f6chten.<\/p>\n<p><a href=\"https:\/\/www.devtal.de\/blog\/wp-content\/uploads\/2016\/12\/2016-12-15-Mitgliedsantrag.pdf\">Mitgliedsantrag<\/a><\/p>\n<p>Der regul\u00e4re Mitgliedsbeitrag betr\u00e4gt 20\u20ac\/Monat.<\/p>\n<p>Es wird empfohlen einen erh\u00f6hten monatlichen Beitrag zu zahlen (f\u00fcr juristische Personen Mindestens 50\u20ac). Diese Mitglieder erwerben mit Zahlung den Status \u201eF\u00f6rderndes Mitglied\u201c.<\/p>\n<p>f\u00fcr Sch\u00fcler, Studenten, Auszubildende oder Arbeitslose gibt es die M\u00f6glichkeit einen Antrag auf Beitragsminderung zu stellen. F\u00fcr diese gilt dann ein Beitrag von 5,00\u20ac\/Monat.<\/p>\n<p><a href=\"https:\/\/www.devtal.de\/blog\/wp-content\/uploads\/2016\/12\/2016-12-15-Beitragsminderung.pdf\">Beitragsminderung<\/a><\/p>\n<p>und f\u00fcr noch Minderj\u00e4hrige die Mitglied werden wollen:<\/p>\n<p><a href=\"https:\/\/www.devtal.de\/blog\/wp-content\/uploads\/2016\/12\/2016-12-15-Einverst\u00e4ndniserkl\u00e4rung.pdf\">Einverst\u00e4ndniserkl\u00e4rung<\/a>\u00a0eines Erziehungsberechtigten.<\/p>\n<p>&nbsp;<\/p>\n<p>Kontodaten:<\/p>\n<div>Kontoinhaber: \/dev\/tal e.V<\/div>\n<div>Kontonummer: 4052236400<\/div>\n<div>Bankleitzahl 43060967<\/div>\n<div>BIC: GENODEM1GLS<\/div>\n<div>IBAN: DE94 4306 0967 4052 2364 00<\/div>\n<div>GLS Gemeinschaftsbank eG<\/div>\n","protected":false},"excerpt":{"rendered":"<p>Hier liegen Dokumente f\u00fcr Mitglieder und die es werden m\u00f6chten. Mitgliedsantrag Der regul\u00e4re Mitgliedsbeitrag betr\u00e4gt 20\u20ac\/Monat. Es wird empfohlen einen erh\u00f6hten monatlichen Beitrag zu zahlen (f\u00fcr juristische Personen Mindestens 50\u20ac). Diese Mitglieder erwerben mit Zahlung den Status \u201eF\u00f6rderndes Mitglied\u201c. f\u00fcr &hellip; <a href=\"https:\/\/www.devtal.de\/blog\/mitglieder\/\">Weiterlesen <span class=\"meta-nav\">&rarr;<\/span><\/a><\/p>\n","protected":false},"author":10,"featured_media":0,"parent":0,"menu_order":4,"comment_status":"closed","ping_status":"closed","template":"","meta":{"footnotes":""},"class_list":["post-168","page","type-page","status-publish","hentry"],"_links":{"self":[{"href":"https:\/\/www.devtal.de\/blog\/wp-json\/wp\/v2\/pages\/168","targetHints":{"allow":["GET"]}}],"collection":[{"href":"https:\/\/www.devtal.de\/blog\/wp-json\/wp\/v2\/pages"}],"about":[{"href":"https:\/\/www.devtal.de\/blog\/wp-json\/wp\/v2\/types\/page"}],"author":[{"embeddable":true,"href":"https:\/\/www.devtal.de\/blog\/wp-json\/wp\/v2\/users\/10"}],"replies":[{"embeddable":true,"href":"https:\/\/www.devtal.de\/blog\/wp-json\/wp\/v2\/comments?post=168"}],"version-history":[{"count":0,"href":"https:\/\/www.devtal.de\/blog\/wp-json\/wp\/v2\/pages\/168\/revisions"}],"wp:attachment":[{"href":"https:\/\/www.devtal.de\/blog\/wp-json\/wp\/v2\/media?parent=168"}],"curies":[{"name":"wp","href":"https:\/\/api.w.org\/{rel}","templated":true}]}}