{"id":2,"date":"2011-07-15T14:39:16","date_gmt":"2011-07-15T12:39:16","guid":{"rendered":"http:\/\/devtal.org\/blog\/?page_id=2"},"modified":"2013-09-11T13:16:17","modified_gmt":"2013-09-11T11:16:17","slug":"about","status":"publish","type":"page","link":"https:\/\/www.devtal.de\/blog\/about\/","title":{"rendered":"\u00dcber \/dev\/tal"},"content":{"rendered":"<p>\/dev\/tal e.V. wurde im Juli 2011 in Wuppertal mit zun\u00e4chst 23 Mitgliedern gegr\u00fcndet, Anfang Oktober wurden die ersten R\u00e4ume im Mirker Bahnhof in Wuppertal bezogen.<\/p>\n<p>Ziel des Vereins ist es, mit seinem Hacker- bzw. Makerspace in Wuppertal eine Anlaufstelle f\u00fcr all diejenigen zu bieten, die den kreativen und kritischen Umgang mit Technik erleben wollen.<\/p>\n<p>Ob alleine oder im Team wird im Hackerspace an kleineren und gr\u00f6\u00dferen Projekten gearbeitet, die mal mehr und mal weniger mit Computern zu tun haben. Die R\u00e4ume von \/dev\/tal sind damit Orte, an denen kreativ etwas geschaffen wird.<\/p>\n<p>Dauerhaftes Ziel ist es im Weiteren, durch Vortr\u00e4ge und Workshops interessierten Personen die M\u00f6glichkeit zu bieten sich fortzubilden und neue Kontakte unter Gleichgesinnten zu kn\u00fcpfen. Damit ist der Hacker-\/Makerspace ein Treffpunkt an dem &#8222;analoge&#8220; und &#8222;digitale&#8220; Generationen zueinander finden k\u00f6nnen.<\/p>\n<p>Wer den Verein bei der Umsetzung dieser Ziele gerne unterst\u00fctzen w\u00fcrde, der m\u00f6ge bitte Kontakt zu uns aufnehmen.<\/p>\n","protected":false},"excerpt":{"rendered":"<p>\/dev\/tal e.V. wurde im Juli 2011 in Wuppertal mit zun\u00e4chst 23 Mitgliedern gegr\u00fcndet, Anfang Oktober wurden die ersten R\u00e4ume im Mirker Bahnhof in Wuppertal bezogen. Ziel des Vereins ist es, mit seinem Hacker- bzw. Makerspace in Wuppertal eine Anlaufstelle f\u00fcr &hellip; <a href=\"https:\/\/www.devtal.de\/blog\/about\/\">Weiterlesen <span class=\"meta-nav\">&rarr;<\/span><\/a><\/p>\n","protected":false},"author":1,"featured_media":0,"parent":0,"menu_order":2,"comment_status":"closed","ping_status":"closed","template":"","meta":{"footnotes":""},"class_list":["post-2","page","type-page","status-publish","hentry"],"_links":{"self":[{"href":"https:\/\/www.devtal.de\/blog\/wp-json\/wp\/v2\/pages\/2","targetHints":{"allow":["GET"]}}],"collection":[{"href":"https:\/\/www.devtal.de\/blog\/wp-json\/wp\/v2\/pages"}],"about":[{"href":"https:\/\/www.devtal.de\/blog\/wp-json\/wp\/v2\/types\/page"}],"author":[{"embeddable":true,"href":"https:\/\/www.devtal.de\/blog\/wp-json\/wp\/v2\/users\/1"}],"replies":[{"embeddable":true,"href":"https:\/\/www.devtal.de\/blog\/wp-json\/wp\/v2\/comments?post=2"}],"version-history":[{"count":0,"href":"https:\/\/www.devtal.de\/blog\/wp-json\/wp\/v2\/pages\/2\/revisions"}],"wp:attachment":[{"href":"https:\/\/www.devtal.de\/blog\/wp-json\/wp\/v2\/media?parent=2"}],"curies":[{"name":"wp","href":"https:\/\/api.w.org\/{rel}","templated":true}]}}