{"id":44,"date":"2011-10-27T10:09:58","date_gmt":"2011-10-27T08:09:58","guid":{"rendered":"http:\/\/www.devtal.de\/blog\/?page_id=44"},"modified":"2024-07-19T22:21:22","modified_gmt":"2024-07-19T20:21:22","slug":"impressum","status":"publish","type":"page","link":"https:\/\/www.devtal.de\/blog\/impressum\/","title":{"rendered":"Impressum"},"content":{"rendered":"<p><strong>\/dev\/tal e.V.<\/strong><\/p>\n<p><strong>Vorstand<\/strong><\/p>\n<p>1. Vorsitzender: Matthias Lichter<br \/>\n2. Vorsitzender: Cedric Kleinjung<br \/>\nKassenwart: Sebastian Neu<br \/>\nSchriftf\u00fchrer: Jonathan Berrisch<\/p>\n<p><strong>R\u00e4umlichkeiten<\/strong><\/p>\n<p>Mirker Bahnhof (<a title=\"Utopiastadt\" href=\"http:\/\/www.clownfisch.eu\/?page_id=2537\">Utopiastadt<\/a>)<br \/>\nMirker Stra\u00dfe 48<br \/>\n42105 Wuppertal<\/p>\n<p>T: +49 202 69758595 &#8211; Space<br \/>\nF: +49 202 69758599 &#8211; 2Mail<br \/>\nT: +49 202 39348657 &#8211; Utopia<br \/>\n<a title=\"info@devtal.de \" href=\"mailto:info@devtal.de \">info@devtal.de<\/a><\/p>\n<p><strong>Postalische Anschrift<\/strong><\/p>\n<p>\/dev\/tal e.V.<br \/>\nMirker Stra\u00dfe 48<br \/>\n42105\u00a0Wuppertal<\/p>\n<p>Amtsgericht \u00a0Wuppertal\u00a0VR 30147<\/p>\n<p><a href=\"http:\/\/www.devtal.de\/wiki\/Satzung\">Satzung<\/a><\/p>\n","protected":false},"excerpt":{"rendered":"<p>\/dev\/tal e.V. Vorstand 1. Vorsitzender: Matthias Lichter 2. Vorsitzender: Cedric Kleinjung Kassenwart: Sebastian Neu Schriftf\u00fchrer: Jonathan Berrisch R\u00e4umlichkeiten Mirker Bahnhof (Utopiastadt) Mirker Stra\u00dfe 48 42105 Wuppertal T: +49 202 69758595 &#8211; Space F: +49 202 69758599 &#8211; 2Mail T: +49 &hellip; <a href=\"https:\/\/www.devtal.de\/blog\/impressum\/\">Weiterlesen <span class=\"meta-nav\">&rarr;<\/span><\/a><\/p>\n","protected":false},"author":2,"featured_media":0,"parent":0,"menu_order":99,"comment_status":"closed","ping_status":"closed","template":"","meta":{"footnotes":""},"class_list":["post-44","page","type-page","status-publish","hentry"],"_links":{"self":[{"href":"https:\/\/www.devtal.de\/blog\/wp-json\/wp\/v2\/pages\/44","targetHints":{"allow":["GET"]}}],"collection":[{"href":"https:\/\/www.devtal.de\/blog\/wp-json\/wp\/v2\/pages"}],"about":[{"href":"https:\/\/www.devtal.de\/blog\/wp-json\/wp\/v2\/types\/page"}],"author":[{"embeddable":true,"href":"https:\/\/www.devtal.de\/blog\/wp-json\/wp\/v2\/users\/2"}],"replies":[{"embeddable":true,"href":"https:\/\/www.devtal.de\/blog\/wp-json\/wp\/v2\/comments?post=44"}],"version-history":[{"count":6,"href":"https:\/\/www.devtal.de\/blog\/wp-json\/wp\/v2\/pages\/44\/revisions"}],"predecessor-version":[{"id":1865,"href":"https:\/\/www.devtal.de\/blog\/wp-json\/wp\/v2\/pages\/44\/revisions\/1865"}],"wp:attachment":[{"href":"https:\/\/www.devtal.de\/blog\/wp-json\/wp\/v2\/media?parent=44"}],"curies":[{"name":"wp","href":"https:\/\/api.w.org\/{rel}","templated":true}]}}