{"id":632,"date":"2013-03-25T17:11:22","date_gmt":"2013-03-25T16:11:22","guid":{"rendered":"http:\/\/www.devtal.de\/blog\/?page_id=632"},"modified":"2023-05-03T21:57:37","modified_gmt":"2023-05-03T19:57:37","slug":"anreise","status":"publish","type":"page","link":"https:\/\/www.devtal.de\/blog\/anreise\/","title":{"rendered":"Anreise"},"content":{"rendered":"<h2>Adresse<\/h2>\n<p>Wir sind hier:<\/p>\n<p style=\"text-weight: bold;\">\n  Mirker Bahnhof (Utopiastadt<br \/>\nMirker Strasse 48a<br \/>\n42105 Wuppertal<\/p>\n<h2>Karte<\/h2>\n<p><iframe loading=\"lazy\" style=\"border: 1px solid black;\" src=\"https:\/\/www.openstreetmap.org\/export\/embed.html?bbox=7.14566%2C51.26692%2C7.14566%2C51.26692&amp;layer=mapnik&amp;marker=51.26692%2C7.14566\" marginwidth=\"0\" marginheight=\"0\" scrolling=\"no\" width=\"100%\" height=\"350\" frameborder=\"0\"><br \/>\n<\/iframe><br \/>\n<small><a href=\"https:\/\/www.openstreetmap.org\/?mlat=51.26691&amp;mlon=7.14566#map=19\/51.26691\/7.14566\">Gro\u00dfe Karte<\/a><\/small><\/p>\n<h2>\/dev\/tal auf dem Utopiastadt Campus<\/h2>\n<p><!--\/dev\/tal befindet sich im Hauptgeb\u00e4ude des Bahnhofes auf der 2. Etage. Kommst du von der Nordbahntrasse musst du um das Geb\u00e4ude herum auf den Bahnhofsvorplatz gehen. Unsere R\u00e4umlichkeiten erreichst du \u00fcber die Treppe, die sich vom (s\u00fcdlichen) Vorplatz auf die rechte (\u00f6stlichen) Bahnhofsseite f\u00fchrend um das Geb\u00e4ude windet und zu einem Treppenhaus f\u00fchrt. Sollte die T\u00fcre geschlossen sein klingele bei \"Coworking\". Im Treppenhaus gehe auf der zweiten Etage durch die gl\u00e4serne Holz-T\u00fcr und die darauf folgende Brandschutzt\u00fcr und gehe bis zum Ende des L-f\u00f6rmigen Flures.\n\nJa, das ist nicht barrierefrei. Ja, das wird sich sehr bald \u00e4ndern!\n\n--><br \/>\n\/dev\/tal befindet sich im Nebengeb\u00e4ude des Mirker Bahnhofs. Der Haupteingang des Geb\u00e4udes befindet sich auf der Trassenseite des Geb\u00e4udes und ist \u00fcber den Abzweig von der Aufffahrt zur Nordbahntrasse zu erreichen. Falls der wegen der Arbeiten auf dem Campusgel\u00e4nde nicht erreichbar sein sollte benutzen wir zur Zeit auch den Nebeneingang. Das ist die T\u00fcr mit der Hausnummer 48a, die vom Bahnhofsvorplatz erreichbar ist. Da es dort keine Klingel gibt reagieren wir meist auf ein freundliches Klopfen ;-)<\/p>\n<h2>Wegbeschreibung Mirker Bahnhof: Rad\/Zufu\u00df<\/h2>\n<h3>aus s\u00fcdlicher Richtung<\/h3>\n<p>Aus s\u00fcdlicher Richtung f\u00e4hrst\/gehst du am sichersten durch die Elberfelder Innenstadt bis zum Karlsplatz. Die Strecke durch die Stra\u00dfe am Wall und die Karlstra\u00dfe\/Karlsplatz ist f\u00fcr Fahrradverkehr freigegeben. Am Karlsplatz \u00fcberquere die querende Hochstra\u00dfe und folge der Friedrichstra\u00dfe \/ neuen Friedrichstra\u00dfe bis zum Ende. Du solltest den Bahnhof schon sehen und durch kurzes links und direkt wieder rechts abbiegen erreichen.<\/p>\n<h3>aus beliebiger anderer Richtung<\/h3>\n<p>Fahr \u00fcber die Nordbahntrasse bis zum Mirker Bahnhof. Folge dort angekommen den obigen Anweisungen. That&#8217;s it. :-)<\/p>\n<h2>Wegbeschreibung Mirker Bahnhof: \u00d6PNV<\/h2>\n<p>Per Bus nimmst du am Besten die Linie 620 vom Hauptbahnhof Richtung Kuckelsberg bis Mirke, Bahnhof.<\/p>\n<p><strong>Fahrradst\u00e4nder<\/strong> gibt es auf der Trassenseite.<\/p>\n<h2>Wegbeschreibung Mirker Bahnhof: Kraftfahrzeuge<\/h2>\n<h3>Enlish speaking visitors<\/h3>\n<p>Please ask us individually, for example by writing an eMail for a routing to our place.<\/p>\n<h3>Fall (0): Anreise mit Navi<\/h3>\n<p>Falls du ein Navi benutzt, empfehlen wir eine datensparsame Variante zu nutzen ;-). OpenStreetmap basierte L\u00f6sungen sollten die neue Hausnummer 48a schon kennen. Ansonsten f\u00fchrt auch die Eingabe der Mirkerstra\u00dfe 48 ans Ziel.<\/p>\n<h3>Fall (1): Anreise aus Elberfeld<\/h3>\n<p>Angenommen, du kommst aus Richtung Wuppertal Elberfeld von der <strong>B7<\/strong>. Du f\u00e4hrst einfach unter dem gro\u00dfen Einkaufszentrum am Hauptbahnhof her die Morianstra\u00dfe hoch, die in die Gathe m\u00fcndet.<br \/>\nIrgendwann erscheint auf der <strong>linken Seite<\/strong> eine gro\u00dfe Mauer, die konstant in ihrer H\u00f6he abnimmt, weil du bergauf f\u00e4hrst. In diese Stra\u00dfe, die sich <strong>oberhalb der Mauer <\/strong> befindet biegst du ein, nachdem die Mauer eine Schnittstelle mit der Stra\u00dfe hat. Dort f\u00e4hrst du <strong>geradeaus<\/strong>, und biegst das n\u00e4chste Mal <strong>rechts<\/strong> ab. Du bist an der Utopiastadt angekommen. Nun folge den obenstehenden Anweisungen um zum \/dev\/tal zu gelangen.<\/p>\n<h3>Fall (2a): A46 von Kreuz Wuppertal Nord Richtung D\u00fcsseldorf<\/h3>\n<p>Auf der A46 an der Ausfahrt <strong>Wuppertal-Elberfeld<\/strong> abfahren und <strong>links<\/strong> auf die Saarstra\u00dfe abbiegen.<br \/>\n<strong>(Bitte unten weiter lesen&#8230;)<\/strong><\/p>\n<h3>Fall (2b): A46 von D\u00fcsseldorf Richtung Kreuz Wuppertal Nord<\/h3>\n<p>Auf der A46 an der Ausfahrt <strong>Wuppertal-Elberfeld<\/strong> abfahren und <strong>rechts<\/strong> auf die Saarstra\u00dfe abbiegen.<br \/>\n<strong>(Bitte unten weiter lesen&#8230;)<\/strong><\/p>\n<h3>Fall (2a)\/(2b)<\/h3>\n<p>Dem Stra\u00dfenverlauf der Saarstra\u00dfe bis zur n\u00e4chsten gr\u00f6\u00dferen Kreuzung folgen. Hier <strong>links<\/strong> herum auf die Uellendahler Stra\u00dfe abbiegen. Nach der <strong>Br\u00fccke<\/strong> nun <strong>rechts<\/strong> in die Mirker Stra\u00dfe abbiegen. Danach wieder <strong>rechts<\/strong> abbiegen und die Utopiastadt erreichen.<\/p>\n<p><!-- Nun folge den obenstehenden Anweisungen um zum Raum zu gelangen.\n\n<span style=\"text-decoration: line-through;\">Der Bahnhof sollte nicht zu \u00fcbersehen sein und hat einen relativ gro\u00dfen Vorplatz, auf dem man auf der Bahnhofsseite (bei Einfahrt auf den Vorplatz links) auch parken kann.<\/span>\n\n<span style=\"text-decoration: line-through;\">Um zum \/dev\/tal zu kommen muss man <strong>rechts<\/strong> am Bahnhof vorbei laufen, die T\u00fcr zum Treppenhaus auf der <strong>R\u00fcckseite<\/strong> suchen (T\u00fcr kann etwas schwer aufgehen, wenn es kalt ist, bitte kr\u00e4ftig ziehen, notfalls klingeln) und dort in den <strong>zweiten<\/strong> Stock laufen (bitte <strong>nicht<\/strong> bis unter das Dach). Die Stahlt\u00fcr (grau) kann auch hier etwas schwerg\u00e4ngig sein. Nun l\u00e4uft man <strong>rechts<\/strong> herum bis an das Ende des Flures und biegt kurz vor Ende <strong>links<\/strong> ab. Dort gerade aus befindet sich die T\u00fcr zum Vereinsraum des \/dev\/tal.<\/span>\n\n--><\/p>\n","protected":false},"excerpt":{"rendered":"<p>Adresse Wir sind hier: Mirker Bahnhof (Utopiastadt Mirker Strasse 48a 42105 Wuppertal Karte Gro\u00dfe Karte \/dev\/tal auf dem Utopiastadt Campus \/dev\/tal befindet sich im Nebengeb\u00e4ude des Mirker Bahnhofs. Der Haupteingang des Geb\u00e4udes befindet sich auf der Trassenseite des Geb\u00e4udes und &hellip; <a href=\"https:\/\/www.devtal.de\/blog\/anreise\/\">Weiterlesen <span class=\"meta-nav\">&rarr;<\/span><\/a><\/p>\n","protected":false},"author":14,"featured_media":0,"parent":0,"menu_order":5,"comment_status":"open","ping_status":"closed","template":"","meta":{"footnotes":""},"class_list":["post-632","page","type-page","status-publish","hentry"],"_links":{"self":[{"href":"https:\/\/www.devtal.de\/blog\/wp-json\/wp\/v2\/pages\/632","targetHints":{"allow":["GET"]}}],"collection":[{"href":"https:\/\/www.devtal.de\/blog\/wp-json\/wp\/v2\/pages"}],"about":[{"href":"https:\/\/www.devtal.de\/blog\/wp-json\/wp\/v2\/types\/page"}],"author":[{"embeddable":true,"href":"https:\/\/www.devtal.de\/blog\/wp-json\/wp\/v2\/users\/14"}],"replies":[{"embeddable":true,"href":"https:\/\/www.devtal.de\/blog\/wp-json\/wp\/v2\/comments?post=632"}],"version-history":[{"count":3,"href":"https:\/\/www.devtal.de\/blog\/wp-json\/wp\/v2\/pages\/632\/revisions"}],"predecessor-version":[{"id":1809,"href":"https:\/\/www.devtal.de\/blog\/wp-json\/wp\/v2\/pages\/632\/revisions\/1809"}],"wp:attachment":[{"href":"https:\/\/www.devtal.de\/blog\/wp-json\/wp\/v2\/media?parent=632"}],"curies":[{"name":"wp","href":"https:\/\/api.w.org\/{rel}","templated":true}]}}