{"id":88,"date":"2011-11-13T21:30:38","date_gmt":"2011-11-13T20:30:38","guid":{"rendered":"http:\/\/www.devtal.de\/blog\/?page_id=88"},"modified":"2013-12-13T22:33:44","modified_gmt":"2013-12-13T21:33:44","slug":"unterstutzen","status":"publish","type":"page","link":"https:\/\/www.devtal.de\/blog\/unterstutzen\/","title":{"rendered":"Unterst\u00fctzen"},"content":{"rendered":"<p>Sie k\u00f6nnen \/dev\/tal e.V. auf verschiedene Arten unterst\u00fctzen.<\/p>\n<p><strong>Finanziell<\/strong><br \/>\nUnsere Geldmittel sind bisher sehr beschr\u00e4nkt. Um Anschaffungen, wie zum Beispiel L\u00f6tstationen, einen Beamer, Elektronikbauteile oder \u00e4hnliches zu t\u00e4tigen, und damit interessante Vortr\u00e4ge und Workshops anbieten zu k\u00f6nnen, ist aber ein gewisses Kapital notwendig.<\/p>\n<p>Wir freuen uns deshalb, wenn Sie uns dabei unterst\u00fctzen einen gewissen Kapitalstock f\u00fcr Anschaffungen jedweder Art aufzubauen.<\/p>\n<p>Dazu k\u00f6nnen Sie <a title=\"Mitglieder\" href=\"http:\/\/www.devtal.de\/blog\/mitglieder\/\">Mitglied<\/a> des Vereins werden und so mit Ihrem Mitgliedsbeitrag einen monatlichen Beitrag zum Aufbau unseres Angebotes leisten.<\/p>\n<p><em>Geldspenden<\/em><br \/>\nAber auch einmalige Geldspenden sind nat\u00fcrlich m\u00f6glich und werden mit einem Eintrag auf dieser Seite honoriert. Sollten Sie daran Interesse haben, so nehmen Sie bitte per E-Mail Kontakt zu uns auf.<\/p>\n<p>Wir sind gem\u00e4\u00df\u00a0\u00a752 Abgabenordnung der Bundesrepublik Deutschland\u00a0berechtigt Zuwendungsbescheinigungen zu erstellen. Jeder Spender erh\u00e4lt von uns zum Jahresende automatisch eine Zuwendungsbescheinigung sofern er seinen vollst\u00e4ndigen Namen und seine Adresse bei der Spende angegeben hat. Nutzen Sie dazu den Verwendungszweck der \u00dcberweisung.<\/p>\n<div><em>\u00dcberweisung<\/em><\/div>\n<div>Kontoinhaber: \/dev\/tal e.V<\/div>\n<div>Kontonummer: 4052236400<\/div>\n<div>Bankleitzahl 43060967<\/div>\n<div>BIC: GENODEM1GLS<\/div>\n<div>IBAN: DE94 4306 0967 4052 2364 00<\/div>\n<div>GLS Gemeinschaftsbank eG<\/div>\n<p>&nbsp;<\/p>\n<p><strong>Sachspenden<\/strong><br \/>\nGerne k\u00f6nnen Sie uns auch mit Sachspenden unterst\u00fctzen.<\/p>\n<p>Wir k\u00f6nnen eine Vielzahl von Gegenst\u00e4nden f\u00fcr Bastelarbeiten, Workshops, Vortr\u00e4ge und Weiteres gebrauchen. Neben gebrauchter aber funktionsf\u00e4higer Computer-Hardware sind prinzipiell auch Gegenst\u00e4nde wie Mess- oder Netzger\u00e4te und L\u00f6tstationen von besonderem Interesse.<\/p>\n<p>Bevor Sie Sachen vorbeibringen nehmen Sie bitte Kontakt zu uns auf, damit gekl\u00e4rt werden kann, ob wir Verwendung f\u00fcr Ihre Sachspende haben.<\/p>\n<p><strong>Unterst\u00fctzer<\/strong><\/p>\n<table style=\"border: 1px solid #000000;\">\n<tbody>\n<tr>\n<td style=\"border: 1px solid #000000; width: 20%;\"><strong>Name:<\/strong><\/td>\n<td style=\"border: 1px solid #000000; width: 20%;\"><strong>Art der Unterst\u00fctzung<\/strong><\/td>\n<\/tr>\n<tr>\n<td style=\"border: 1px solid #000000; width: 20%;\">VOLT Power Cola<\/td>\n<td style=\"border: 1px solid #000000; width: 20%;\">Verg\u00fcnstigte Getr\u00e4nke<\/td>\n<\/tr>\n<tr>\n<td style=\"border: 1px solid #000000; width: 20%;\">Portunity GmbH<\/td>\n<td style=\"border: 1px solid #000000; width: 20%;\"><a href=\"http:\/\/www.portunity.de\/access\/produkte.html\">VPN-Tunnel<\/a><\/td>\n<\/tr>\n<\/tbody>\n<\/table>\n<p>&nbsp;<\/p>\n","protected":false},"excerpt":{"rendered":"<p>Sie k\u00f6nnen \/dev\/tal e.V. auf verschiedene Arten unterst\u00fctzen. Finanziell Unsere Geldmittel sind bisher sehr beschr\u00e4nkt. Um Anschaffungen, wie zum Beispiel L\u00f6tstationen, einen Beamer, Elektronikbauteile oder \u00e4hnliches zu t\u00e4tigen, und damit interessante Vortr\u00e4ge und Workshops anbieten zu k\u00f6nnen, ist aber ein &hellip; <a href=\"https:\/\/www.devtal.de\/blog\/unterstutzen\/\">Weiterlesen <span class=\"meta-nav\">&rarr;<\/span><\/a><\/p>\n","protected":false},"author":9,"featured_media":0,"parent":0,"menu_order":3,"comment_status":"closed","ping_status":"closed","template":"","meta":{"footnotes":""},"class_list":["post-88","page","type-page","status-publish","hentry"],"_links":{"self":[{"href":"https:\/\/www.devtal.de\/blog\/wp-json\/wp\/v2\/pages\/88","targetHints":{"allow":["GET"]}}],"collection":[{"href":"https:\/\/www.devtal.de\/blog\/wp-json\/wp\/v2\/pages"}],"about":[{"href":"https:\/\/www.devtal.de\/blog\/wp-json\/wp\/v2\/types\/page"}],"author":[{"embeddable":true,"href":"https:\/\/www.devtal.de\/blog\/wp-json\/wp\/v2\/users\/9"}],"replies":[{"embeddable":true,"href":"https:\/\/www.devtal.de\/blog\/wp-json\/wp\/v2\/comments?post=88"}],"version-history":[{"count":0,"href":"https:\/\/www.devtal.de\/blog\/wp-json\/wp\/v2\/pages\/88\/revisions"}],"wp:attachment":[{"href":"https:\/\/www.devtal.de\/blog\/wp-json\/wp\/v2\/media?parent=88"}],"curies":[{"name":"wp","href":"https:\/\/api.w.org\/{rel}","templated":true}]}}